{"id":8086,"date":"2023-09-13T12:19:27","date_gmt":"2023-09-13T10:19:27","guid":{"rendered":"https:\/\/aquaflow.nl\/flowfacts\/"},"modified":"2025-11-12T09:48:50","modified_gmt":"2025-11-12T08:48:50","slug":"flowfacts","status":"publish","type":"page","link":"https:\/\/aquaflow.nl\/de\/flowfacts\/","title":{"rendered":"Flowfacts"},"content":{"rendered":"\t\t<div data-elementor-type=\"wp-page\" data-elementor-id=\"8086\" class=\"elementor elementor-8086 elementor-5149\" data-elementor-settings=\"{&quot;ha_cmc_init_switcher&quot;:&quot;no&quot;}\" data-elementor-post-type=\"page\">\n\t\t\t\t<div class=\"elementor-element elementor-element-030b355 e-flex e-con-boxed e-con e-parent\" data-id=\"030b355\" data-element_type=\"container\" data-e-type=\"container\" data-settings=\"{&quot;background_background&quot;:&quot;classic&quot;,&quot;shape_divider_bottom&quot;:&quot;waves&quot;,&quot;shape_divider_bottom_negative&quot;:&quot;yes&quot;,&quot;_ha_eqh_enable&quot;:false}\">\n\t\t\t\t\t<div class=\"e-con-inner\">\n\t\t\t\t<div class=\"elementor-shape elementor-shape-bottom\" aria-hidden=\"true\" data-negative=\"true\">\n\t\t\t<svg xmlns=\"http:\/\/www.w3.org\/2000\/svg\" viewBox=\"0 0 1000 100\" preserveAspectRatio=\"none\">\n\t<path class=\"elementor-shape-fill\" d=\"M790.5,93.1c-59.3-5.3-116.8-18-192.6-50c-29.6-12.7-76.9-31-100.5-35.9c-23.6-4.9-52.6-7.8-75.5-5.3\n\tc-10.2,1.1-22.6,1.4-50.1,7.4c-27.2,6.3-58.2,16.6-79.4,24.7c-41.3,15.9-94.9,21.9-134,22.6C72,58.2,0,25.8,0,25.8V100h1000V65.3\n\tc0,0-51.5,19.4-106.2,25.7C839.5,97,814.1,95.2,790.5,93.1z\"\/>\n<\/svg>\t\t<\/div>\n\t\t<div class=\"elementor-element elementor-element-5cb13f0 e-con-full e-flex e-con e-child\" data-id=\"5cb13f0\" data-element_type=\"container\" data-e-type=\"container\" data-settings=\"{&quot;_ha_eqh_enable&quot;:false}\">\n\t\t\t\t<div class=\"elementor-element elementor-element-b01e83d elementor-widget__width-initial elementor-widget elementor-widget-heading\" data-id=\"b01e83d\" data-element_type=\"widget\" data-e-type=\"widget\" data-widget_type=\"heading.default\">\n\t\t\t\t<div class=\"elementor-widget-container\">\n\t\t\t\t\t<h1 class=\"elementor-heading-title elementor-size-default\">Wasserspeicherung wird intelligent<\/h1>\t\t\t\t<\/div>\n\t\t\t\t<\/div>\n\t\t\t\t<div class=\"elementor-element elementor-element-f4a7c23 elementor-widget__width-initial elementor-widget elementor-widget-text-editor\" data-id=\"f4a7c23\" data-element_type=\"widget\" data-e-type=\"widget\" data-widget_type=\"text-editor.default\">\n\t\t\t\t<div class=\"elementor-widget-container\">\n\t\t\t\t\t\t\t\t\t<p>Mit Flowfacts k\u00f6nnen Sie aus der Ferne, auf effektive und bezahlbare Weise, die Funktion des Aquaflowsystems \u00fcberwachen.<\/p>\t\t\t\t\t\t\t\t<\/div>\n\t\t\t\t<\/div>\n\t\t\t\t<\/div>\n\t\t\t\t<div class=\"elementor-element elementor-element-144696a elementor-hidden-mobile elementor-widget elementor-widget-image\" data-id=\"144696a\" data-element_type=\"widget\" data-e-type=\"widget\" data-widget_type=\"image.default\">\n\t\t\t\t<div class=\"elementor-widget-container\">\n\t\t\t\t\t\t\t\t\t\t\t\t\t\t\t<img fetchpriority=\"high\" decoding=\"async\" width=\"2560\" height=\"1578\" src=\"https:\/\/aquaflow.nl\/wp-content\/uploads\/2023\/09\/Contactloze-waterlevelsensor-met-montagestang-scaled-1.jpg\" class=\"attachment-full size-full wp-image-8082\" alt=\"\" srcset=\"https:\/\/aquaflow.nl\/wp-content\/uploads\/2023\/09\/Contactloze-waterlevelsensor-met-montagestang-scaled-1.jpg 2560w, https:\/\/aquaflow.nl\/wp-content\/uploads\/2023\/09\/Contactloze-waterlevelsensor-met-montagestang-scaled-1-300x185.jpg 300w, https:\/\/aquaflow.nl\/wp-content\/uploads\/2023\/09\/Contactloze-waterlevelsensor-met-montagestang-scaled-1-768x473.jpg 768w, https:\/\/aquaflow.nl\/wp-content\/uploads\/2023\/09\/Contactloze-waterlevelsensor-met-montagestang-scaled-1-1536x947.jpg 1536w, https:\/\/aquaflow.nl\/wp-content\/uploads\/2023\/09\/Contactloze-waterlevelsensor-met-montagestang-scaled-1-2048x1262.jpg 2048w\" sizes=\"(max-width: 2560px) 100vw, 2560px\" \/>\t\t\t\t\t\t\t\t\t\t\t\t\t\t\t<\/div>\n\t\t\t\t<\/div>\n\t\t\t\t\t<\/div>\n\t\t\t\t<\/div>\n\t\t<div class=\"elementor-element elementor-element-0940f76 e-flex e-con-boxed e-con e-parent\" data-id=\"0940f76\" data-element_type=\"container\" data-e-type=\"container\" data-settings=\"{&quot;_ha_eqh_enable&quot;:false}\">\n\t\t\t\t\t<div class=\"e-con-inner\">\n\t\t<div class=\"elementor-element elementor-element-c6fc48c e-con-full e-flex e-con e-child\" data-id=\"c6fc48c\" data-element_type=\"container\" data-e-type=\"container\" data-settings=\"{&quot;_ha_eqh_enable&quot;:false}\">\n\t\t\t\t<div class=\"elementor-element elementor-element-524b533 elementor-widget elementor-widget-image\" data-id=\"524b533\" data-element_type=\"widget\" data-e-type=\"widget\" data-widget_type=\"image.default\">\n\t\t\t\t<div class=\"elementor-widget-container\">\n\t\t\t\t\t\t\t\t\t\t\t\t\t\t\t<img decoding=\"async\" width=\"612\" height=\"410\" data-src=\"https:\/\/aquaflow.nl\/wp-content\/uploads\/2023\/09\/telefoon.png\" class=\"attachment-full size-full wp-image-8084 lazyload\" alt=\"\" data-srcset=\"https:\/\/aquaflow.nl\/wp-content\/uploads\/2023\/09\/telefoon.png 612w, https:\/\/aquaflow.nl\/wp-content\/uploads\/2023\/09\/telefoon-300x201.png 300w\" data-sizes=\"(max-width: 612px) 100vw, 612px\" src=\"data:image\/svg+xml;base64,PHN2ZyB3aWR0aD0iMSIgaGVpZ2h0PSIxIiB4bWxucz0iaHR0cDovL3d3dy53My5vcmcvMjAwMC9zdmciPjwvc3ZnPg==\" style=\"--smush-placeholder-width: 612px; --smush-placeholder-aspect-ratio: 612\/410;\" \/>\t\t\t\t\t\t\t\t\t\t\t\t\t\t\t<\/div>\n\t\t\t\t<\/div>\n\t\t\t\t<\/div>\n\t\t<div class=\"elementor-element elementor-element-7cb943d e-con-full e-flex e-con e-child\" data-id=\"7cb943d\" data-element_type=\"container\" data-e-type=\"container\" data-settings=\"{&quot;_ha_eqh_enable&quot;:false}\">\n\t\t\t\t<div class=\"elementor-element elementor-element-e1c5d59 elementor-widget elementor-widget-text-editor\" data-id=\"e1c5d59\" data-element_type=\"widget\" data-e-type=\"widget\" data-widget_type=\"text-editor.default\">\n\t\t\t\t<div class=\"elementor-widget-container\">\n\t\t\t\t\t\t\t\t\t<p>Was w\u00fcrden Sie gerne wissen, wenn Ihre Regenwasserspeicherung intelligent gemacht und an das Internet angeschlossen wird? Echtzeit- und direkt zug\u00e4ngliche Informationen, genauso einfach erreichbar wie eine App auf Ihrem Smartphone. <\/p><p>Aquaflow bv hat die Funktion der wasserberbindenden Stra\u00dfe mit Flowfacts TM intelligent gemacht. Dadurch sind Informationen \u00fcber Niederschlag, F\u00fcllung, Pegelanstieg und Entleerungszeit des Aquaflowsystems kontinuierlich einsehbar. <\/p>\t\t\t\t\t\t\t\t<\/div>\n\t\t\t\t<\/div>\n\t\t\t\t<\/div>\n\t\t\t\t\t<\/div>\n\t\t\t\t<\/div>\n\t\t<div class=\"elementor-element elementor-element-e5b1f34 e-flex e-con-boxed e-con e-parent\" data-id=\"e5b1f34\" data-element_type=\"container\" data-e-type=\"container\" data-settings=\"{&quot;_ha_eqh_enable&quot;:false}\">\n\t\t\t\t\t<div class=\"e-con-inner\">\n\t\t<div class=\"elementor-element elementor-element-fa64800 e-con-full e-flex e-con e-child\" data-id=\"fa64800\" data-element_type=\"container\" data-e-type=\"container\" data-settings=\"{&quot;_ha_eqh_enable&quot;:false}\">\n\t\t\t\t<div class=\"elementor-element elementor-element-f2ce021 elementor-widget elementor-widget-text-editor\" data-id=\"f2ce021\" data-element_type=\"widget\" data-e-type=\"widget\" data-widget_type=\"text-editor.default\">\n\t\t\t\t<div class=\"elementor-widget-container\">\n\t\t\t\t\t\t\t\t\t<p>Das hochwertige Messinstrument mit Sensor, Geh\u00e4use, Stromversorgung, Sender und Empf\u00e4nger kann in einem kleinen Schacht oder unter einem Schachtdeckel in einem gr\u00f6\u00dferen Schacht angebracht werden. Flowfacts nimmt selbst Kontakt mit dem Internet auf und ist f\u00fcr 5 \u2013 10 Jahre selbstversorgend in Bezug auf den Stromverbrauch. <\/p><p>Die Informationen sind extrem gut gesichert. Sowohl historische als auch aktuelle Messdaten sind in Echtzeit auf einer benutzerfreundlichen, mitgelieferten Online-Plattform sichtbar. Der Benutzer kann selbst, ohne externe Unterst\u00fctzung, Messpunkte hinzuf\u00fcgen, \u00e4ndern und gruppieren.  <\/p>\t\t\t\t\t\t\t\t<\/div>\n\t\t\t\t<\/div>\n\t\t\t\t<\/div>\n\t\t<div class=\"elementor-element elementor-element-bb2fb94 e-con-full e-flex e-con e-child\" data-id=\"bb2fb94\" data-element_type=\"container\" data-e-type=\"container\" data-settings=\"{&quot;_ha_eqh_enable&quot;:false}\">\n\t\t\t\t<div class=\"elementor-element elementor-element-f49b414 elementor-widget elementor-widget-image\" data-id=\"f49b414\" data-element_type=\"widget\" data-e-type=\"widget\" data-widget_type=\"image.default\">\n\t\t\t\t<div class=\"elementor-widget-container\">\n\t\t\t\t\t\t\t\t\t\t\t\t\t\t\t<img decoding=\"async\" width=\"2560\" height=\"1920\" data-src=\"https:\/\/aquaflow.nl\/wp-content\/uploads\/2023\/09\/Flowfacts-Waterlevelsensor-scaled.jpg\" class=\"attachment-full size-full wp-image-8085 lazyload\" alt=\"\" data-srcset=\"https:\/\/aquaflow.nl\/wp-content\/uploads\/2023\/09\/Flowfacts-Waterlevelsensor-scaled.jpg 2560w, https:\/\/aquaflow.nl\/wp-content\/uploads\/2023\/09\/Flowfacts-Waterlevelsensor-300x225.jpg 300w, https:\/\/aquaflow.nl\/wp-content\/uploads\/2023\/09\/Flowfacts-Waterlevelsensor-768x576.jpg 768w, https:\/\/aquaflow.nl\/wp-content\/uploads\/2023\/09\/Flowfacts-Waterlevelsensor-1536x1152.jpg 1536w, https:\/\/aquaflow.nl\/wp-content\/uploads\/2023\/09\/Flowfacts-Waterlevelsensor-2048x1536.jpg 2048w\" data-sizes=\"(max-width: 2560px) 100vw, 2560px\" src=\"data:image\/svg+xml;base64,PHN2ZyB3aWR0aD0iMSIgaGVpZ2h0PSIxIiB4bWxucz0iaHR0cDovL3d3dy53My5vcmcvMjAwMC9zdmciPjwvc3ZnPg==\" style=\"--smush-placeholder-width: 2560px; --smush-placeholder-aspect-ratio: 2560\/1920;\" \/>\t\t\t\t\t\t\t\t\t\t\t\t\t\t\t<\/div>\n\t\t\t\t<\/div>\n\t\t\t\t<\/div>\n\t\t\t\t\t<\/div>\n\t\t\t\t<\/div>\n\t\t\t\t<\/div>\n\t\t","protected":false},"excerpt":{"rendered":"<p>Wasserspeicherung wird intelligent Mit Flowfacts k\u00f6nnen Sie aus der Ferne, auf effektive und bezahlbare Weise, die Funktion des Aquaflowsystems \u00fcberwachen. Was w\u00fcrden Sie gerne wissen, wenn Ihre Regenwasserspeicherung intelligent gemacht und an das Internet angeschlossen wird? Echtzeit- und direkt zug\u00e4ngliche Informationen, genauso einfach erreichbar wie eine App auf Ihrem Smartphone. Aquaflow bv hat die Funktion [&hellip;]<\/p>\n","protected":false},"author":1,"featured_media":0,"parent":0,"menu_order":0,"comment_status":"closed","ping_status":"closed","template":"","meta":{"footnotes":""},"class_list":["post-8086","page","type-page","status-publish","hentry"],"yoast_head":"<!-- This site is optimized with the Yoast SEO Premium plugin v25.3.1 (Yoast SEO v27.3) - https:\/\/yoast.com\/product\/yoast-seo-premium-wordpress\/ -->\n<title>Intelligent - Flowfacts - Niederschlag - F\u00fcllung - Pegelanstieg - Regenwasser<\/title>\n<meta name=\"description\" content=\"\u00dcberwachen Sie die Funktion Ihres Aquaflowsystems aus der Ferne mit Flowfacts. Echtzeitinformationen \u00fcber Niederschlag, F\u00fcllung, Pegelanstieg\" \/>\n<meta name=\"robots\" content=\"index, follow, max-snippet:-1, max-image-preview:large, max-video-preview:-1\" \/>\n<link rel=\"canonical\" href=\"https:\/\/aquaflow.nl\/de\/flowfacts\/\" \/>\n<meta property=\"og:locale\" content=\"de_DE\" \/>\n<meta property=\"og:type\" content=\"article\" \/>\n<meta property=\"og:title\" content=\"Flowfacts\" \/>\n<meta property=\"og:description\" content=\"\u00dcberwachen Sie die Funktion Ihres Aquaflowsystems aus der Ferne mit Flowfacts. Echtzeitinformationen \u00fcber Niederschlag, F\u00fcllung, Pegelanstieg\" \/>\n<meta property=\"og:url\" content=\"https:\/\/aquaflow.nl\/de\/flowfacts\/\" \/>\n<meta property=\"og:site_name\" content=\"Aquaflow\u00ae\" \/>\n<meta property=\"article:modified_time\" content=\"2025-11-12T08:48:50+00:00\" \/>\n<meta property=\"og:image\" content=\"https:\/\/aquaflow.nl\/wp-content\/uploads\/2023\/09\/Contactloze-waterlevelsensor-met-montagestang-scaled-1.jpg\" \/>\n\t<meta property=\"og:image:width\" content=\"2560\" \/>\n\t<meta property=\"og:image:height\" content=\"1578\" \/>\n\t<meta property=\"og:image:type\" content=\"image\/jpeg\" \/>\n<meta name=\"twitter:card\" content=\"summary_large_image\" \/>\n<meta name=\"twitter:label1\" content=\"Gesch\u00e4tzte Lesezeit\" \/>\n\t<meta name=\"twitter:data1\" content=\"1\u00a0Minute\" \/>\n<script type=\"application\/ld+json\" class=\"yoast-schema-graph\">{\"@context\":\"https:\\\/\\\/schema.org\",\"@graph\":[{\"@type\":\"WebPage\",\"@id\":\"https:\\\/\\\/aquaflow.nl\\\/de\\\/flowfacts\\\/\",\"url\":\"https:\\\/\\\/aquaflow.nl\\\/de\\\/flowfacts\\\/\",\"name\":\"Intelligent - Flowfacts - Niederschlag - F\u00fcllung - Pegelanstieg - Regenwasser\",\"isPartOf\":{\"@id\":\"http:\\\/\\\/aquaflow.nl\\\/#website\"},\"primaryImageOfPage\":{\"@id\":\"https:\\\/\\\/aquaflow.nl\\\/de\\\/flowfacts\\\/#primaryimage\"},\"image\":{\"@id\":\"https:\\\/\\\/aquaflow.nl\\\/de\\\/flowfacts\\\/#primaryimage\"},\"thumbnailUrl\":\"https:\\\/\\\/aquaflow.nl\\\/wp-content\\\/uploads\\\/2023\\\/09\\\/Contactloze-waterlevelsensor-met-montagestang-scaled-1.jpg\",\"datePublished\":\"2023-09-13T10:19:27+00:00\",\"dateModified\":\"2025-11-12T08:48:50+00:00\",\"description\":\"\u00dcberwachen Sie die Funktion Ihres Aquaflowsystems aus der Ferne mit Flowfacts. Echtzeitinformationen \u00fcber Niederschlag, F\u00fcllung, Pegelanstieg\",\"breadcrumb\":{\"@id\":\"https:\\\/\\\/aquaflow.nl\\\/de\\\/flowfacts\\\/#breadcrumb\"},\"inLanguage\":\"de\",\"potentialAction\":[{\"@type\":\"ReadAction\",\"target\":[\"https:\\\/\\\/aquaflow.nl\\\/de\\\/flowfacts\\\/\"]}]},{\"@type\":\"ImageObject\",\"inLanguage\":\"de\",\"@id\":\"https:\\\/\\\/aquaflow.nl\\\/de\\\/flowfacts\\\/#primaryimage\",\"url\":\"https:\\\/\\\/aquaflow.nl\\\/wp-content\\\/uploads\\\/2023\\\/09\\\/Contactloze-waterlevelsensor-met-montagestang-scaled-1.jpg\",\"contentUrl\":\"https:\\\/\\\/aquaflow.nl\\\/wp-content\\\/uploads\\\/2023\\\/09\\\/Contactloze-waterlevelsensor-met-montagestang-scaled-1.jpg\"},{\"@type\":\"BreadcrumbList\",\"@id\":\"https:\\\/\\\/aquaflow.nl\\\/de\\\/flowfacts\\\/#breadcrumb\",\"itemListElement\":[{\"@type\":\"ListItem\",\"position\":1,\"name\":\"Home\",\"item\":\"https:\\\/\\\/aquaflow.nl\\\/de\\\/startseite\\\/\"},{\"@type\":\"ListItem\",\"position\":2,\"name\":\"Flowfacts\"}]},{\"@type\":\"WebSite\",\"@id\":\"http:\\\/\\\/aquaflow.nl\\\/#website\",\"url\":\"http:\\\/\\\/aquaflow.nl\\\/\",\"name\":\"Aquaflow\u00ae\",\"description\":\"Zuiver water bergen in wegen\",\"publisher\":{\"@id\":\"http:\\\/\\\/aquaflow.nl\\\/#organization\"},\"potentialAction\":[{\"@type\":\"SearchAction\",\"target\":{\"@type\":\"EntryPoint\",\"urlTemplate\":\"http:\\\/\\\/aquaflow.nl\\\/?s={search_term_string}\"},\"query-input\":{\"@type\":\"PropertyValueSpecification\",\"valueRequired\":true,\"valueName\":\"search_term_string\"}}],\"inLanguage\":\"de\"},{\"@type\":\"Organization\",\"@id\":\"http:\\\/\\\/aquaflow.nl\\\/#organization\",\"name\":\"Aquaflow\u00ae\",\"url\":\"http:\\\/\\\/aquaflow.nl\\\/\",\"logo\":{\"@type\":\"ImageObject\",\"inLanguage\":\"de\",\"@id\":\"http:\\\/\\\/aquaflow.nl\\\/#\\\/schema\\\/logo\\\/image\\\/\",\"url\":\"https:\\\/\\\/aquaflow.nl\\\/wp-content\\\/uploads\\\/2023\\\/09\\\/Naamloos-25.png\",\"contentUrl\":\"https:\\\/\\\/aquaflow.nl\\\/wp-content\\\/uploads\\\/2023\\\/09\\\/Naamloos-25.png\",\"width\":1024,\"height\":300,\"caption\":\"Aquaflow\u00ae\"},\"image\":{\"@id\":\"http:\\\/\\\/aquaflow.nl\\\/#\\\/schema\\\/logo\\\/image\\\/\"}}]}<\/script>\n<!-- \/ Yoast SEO Premium plugin. -->","yoast_head_json":{"title":"Intelligent - Flowfacts - Niederschlag - F\u00fcllung - Pegelanstieg - Regenwasser","description":"\u00dcberwachen Sie die Funktion Ihres Aquaflowsystems aus der Ferne mit Flowfacts. Echtzeitinformationen \u00fcber Niederschlag, F\u00fcllung, Pegelanstieg","robots":{"index":"index","follow":"follow","max-snippet":"max-snippet:-1","max-image-preview":"max-image-preview:large","max-video-preview":"max-video-preview:-1"},"canonical":"https:\/\/aquaflow.nl\/de\/flowfacts\/","og_locale":"de_DE","og_type":"article","og_title":"Flowfacts","og_description":"\u00dcberwachen Sie die Funktion Ihres Aquaflowsystems aus der Ferne mit Flowfacts. Echtzeitinformationen \u00fcber Niederschlag, F\u00fcllung, Pegelanstieg","og_url":"https:\/\/aquaflow.nl\/de\/flowfacts\/","og_site_name":"Aquaflow\u00ae","article_modified_time":"2025-11-12T08:48:50+00:00","og_image":[{"width":2560,"height":1578,"url":"https:\/\/aquaflow.nl\/wp-content\/uploads\/2023\/09\/Contactloze-waterlevelsensor-met-montagestang-scaled-1.jpg","type":"image\/jpeg"}],"twitter_card":"summary_large_image","twitter_misc":{"Gesch\u00e4tzte Lesezeit":"1\u00a0Minute"},"schema":{"@context":"https:\/\/schema.org","@graph":[{"@type":"WebPage","@id":"https:\/\/aquaflow.nl\/de\/flowfacts\/","url":"https:\/\/aquaflow.nl\/de\/flowfacts\/","name":"Intelligent - Flowfacts - Niederschlag - F\u00fcllung - Pegelanstieg - Regenwasser","isPartOf":{"@id":"http:\/\/aquaflow.nl\/#website"},"primaryImageOfPage":{"@id":"https:\/\/aquaflow.nl\/de\/flowfacts\/#primaryimage"},"image":{"@id":"https:\/\/aquaflow.nl\/de\/flowfacts\/#primaryimage"},"thumbnailUrl":"https:\/\/aquaflow.nl\/wp-content\/uploads\/2023\/09\/Contactloze-waterlevelsensor-met-montagestang-scaled-1.jpg","datePublished":"2023-09-13T10:19:27+00:00","dateModified":"2025-11-12T08:48:50+00:00","description":"\u00dcberwachen Sie die Funktion Ihres Aquaflowsystems aus der Ferne mit Flowfacts. Echtzeitinformationen \u00fcber Niederschlag, F\u00fcllung, Pegelanstieg","breadcrumb":{"@id":"https:\/\/aquaflow.nl\/de\/flowfacts\/#breadcrumb"},"inLanguage":"de","potentialAction":[{"@type":"ReadAction","target":["https:\/\/aquaflow.nl\/de\/flowfacts\/"]}]},{"@type":"ImageObject","inLanguage":"de","@id":"https:\/\/aquaflow.nl\/de\/flowfacts\/#primaryimage","url":"https:\/\/aquaflow.nl\/wp-content\/uploads\/2023\/09\/Contactloze-waterlevelsensor-met-montagestang-scaled-1.jpg","contentUrl":"https:\/\/aquaflow.nl\/wp-content\/uploads\/2023\/09\/Contactloze-waterlevelsensor-met-montagestang-scaled-1.jpg"},{"@type":"BreadcrumbList","@id":"https:\/\/aquaflow.nl\/de\/flowfacts\/#breadcrumb","itemListElement":[{"@type":"ListItem","position":1,"name":"Home","item":"https:\/\/aquaflow.nl\/de\/startseite\/"},{"@type":"ListItem","position":2,"name":"Flowfacts"}]},{"@type":"WebSite","@id":"http:\/\/aquaflow.nl\/#website","url":"http:\/\/aquaflow.nl\/","name":"Aquaflow\u00ae","description":"Zuiver water bergen in wegen","publisher":{"@id":"http:\/\/aquaflow.nl\/#organization"},"potentialAction":[{"@type":"SearchAction","target":{"@type":"EntryPoint","urlTemplate":"http:\/\/aquaflow.nl\/?s={search_term_string}"},"query-input":{"@type":"PropertyValueSpecification","valueRequired":true,"valueName":"search_term_string"}}],"inLanguage":"de"},{"@type":"Organization","@id":"http:\/\/aquaflow.nl\/#organization","name":"Aquaflow\u00ae","url":"http:\/\/aquaflow.nl\/","logo":{"@type":"ImageObject","inLanguage":"de","@id":"http:\/\/aquaflow.nl\/#\/schema\/logo\/image\/","url":"https:\/\/aquaflow.nl\/wp-content\/uploads\/2023\/09\/Naamloos-25.png","contentUrl":"https:\/\/aquaflow.nl\/wp-content\/uploads\/2023\/09\/Naamloos-25.png","width":1024,"height":300,"caption":"Aquaflow\u00ae"},"image":{"@id":"http:\/\/aquaflow.nl\/#\/schema\/logo\/image\/"}}]}},"_links":{"self":[{"href":"https:\/\/aquaflow.nl\/de\/wp-json\/wp\/v2\/pages\/8086","targetHints":{"allow":["GET"]}}],"collection":[{"href":"https:\/\/aquaflow.nl\/de\/wp-json\/wp\/v2\/pages"}],"about":[{"href":"https:\/\/aquaflow.nl\/de\/wp-json\/wp\/v2\/types\/page"}],"author":[{"embeddable":true,"href":"https:\/\/aquaflow.nl\/de\/wp-json\/wp\/v2\/users\/1"}],"replies":[{"embeddable":true,"href":"https:\/\/aquaflow.nl\/de\/wp-json\/wp\/v2\/comments?post=8086"}],"version-history":[{"count":1,"href":"https:\/\/aquaflow.nl\/de\/wp-json\/wp\/v2\/pages\/8086\/revisions"}],"predecessor-version":[{"id":8087,"href":"https:\/\/aquaflow.nl\/de\/wp-json\/wp\/v2\/pages\/8086\/revisions\/8087"}],"wp:attachment":[{"href":"https:\/\/aquaflow.nl\/de\/wp-json\/wp\/v2\/media?parent=8086"}],"curies":[{"name":"wp","href":"https:\/\/api.w.org\/{rel}","templated":true}]}}