{"id":8098,"date":"2023-09-13T12:28:08","date_gmt":"2023-09-13T10:28:08","guid":{"rendered":"https:\/\/aquaflow.nl\/flowsand\/"},"modified":"2025-11-12T10:10:25","modified_gmt":"2025-11-12T09:10:25","slug":"flowsand","status":"publish","type":"page","link":"https:\/\/aquaflow.nl\/fr\/flowsand\/","title":{"rendered":"Flowsand"},"content":{"rendered":"\t\t<div data-elementor-type=\"wp-page\" data-elementor-id=\"8098\" class=\"elementor elementor-8098 elementor-5169\" data-elementor-settings=\"{&quot;ha_cmc_init_switcher&quot;:&quot;no&quot;}\" data-elementor-post-type=\"page\">\n\t\t\t\t<div class=\"elementor-element elementor-element-f1ef5e2 e-flex e-con-boxed e-con e-parent\" data-id=\"f1ef5e2\" data-element_type=\"container\" data-e-type=\"container\" data-settings=\"{&quot;background_background&quot;:&quot;classic&quot;,&quot;shape_divider_bottom&quot;:&quot;waves&quot;,&quot;shape_divider_bottom_negative&quot;:&quot;yes&quot;,&quot;_ha_eqh_enable&quot;:false}\">\n\t\t\t\t\t<div class=\"e-con-inner\">\n\t\t\t\t<div class=\"elementor-shape elementor-shape-bottom\" aria-hidden=\"true\" data-negative=\"true\">\n\t\t\t<svg xmlns=\"http:\/\/www.w3.org\/2000\/svg\" viewBox=\"0 0 1000 100\" preserveAspectRatio=\"none\">\n\t<path class=\"elementor-shape-fill\" d=\"M790.5,93.1c-59.3-5.3-116.8-18-192.6-50c-29.6-12.7-76.9-31-100.5-35.9c-23.6-4.9-52.6-7.8-75.5-5.3\n\tc-10.2,1.1-22.6,1.4-50.1,7.4c-27.2,6.3-58.2,16.6-79.4,24.7c-41.3,15.9-94.9,21.9-134,22.6C72,58.2,0,25.8,0,25.8V100h1000V65.3\n\tc0,0-51.5,19.4-106.2,25.7C839.5,97,814.1,95.2,790.5,93.1z\"\/>\n<\/svg>\t\t<\/div>\n\t\t<div class=\"elementor-element elementor-element-fb78c06 e-con-full e-flex e-con e-child\" data-id=\"fb78c06\" data-element_type=\"container\" data-e-type=\"container\" data-settings=\"{&quot;_ha_eqh_enable&quot;:false}\">\n\t\t\t\t<div class=\"elementor-element elementor-element-80b7bb1 elementor-widget__width-initial elementor-widget elementor-widget-heading\" data-id=\"80b7bb1\" data-element_type=\"widget\" data-e-type=\"widget\" data-widget_type=\"heading.default\">\n\t\t\t\t<div class=\"elementor-widget-container\">\n\t\t\t\t\t<h1 class=\"elementor-heading-title elementor-size-default\">Flowsand stoppe la baisse de la nappe phr\u00e9atique<\/h1>\t\t\t\t<\/div>\n\t\t\t\t<\/div>\n\t\t\t\t<div class=\"elementor-element elementor-element-e9f0732 elementor-widget__width-initial elementor-widget elementor-widget-text-editor\" data-id=\"e9f0732\" data-element_type=\"widget\" data-e-type=\"widget\" data-widget_type=\"text-editor.default\">\n\t\t\t\t<div class=\"elementor-widget-container\">\n\t\t\t\t\t\t\t\t\t<p>Aquaflow bv a d\u00e9velopp\u00e9 flowsand\u00ae pour permettre \u00e0 50 % des pr\u00e9cipitations de s&rsquo;infiltrer dans les zones habit\u00e9es \u00e0 un co\u00fbt minimal.<\/p>\t\t\t\t\t\t\t\t<\/div>\n\t\t\t\t<\/div>\n\t\t\t\t<\/div>\n\t\t\t\t<div class=\"elementor-element elementor-element-e5b90d1 elementor-hidden-mobile elementor-widget elementor-widget-image\" data-id=\"e5b90d1\" data-element_type=\"widget\" data-e-type=\"widget\" data-widget_type=\"image.default\">\n\t\t\t\t<div class=\"elementor-widget-container\">\n\t\t\t\t\t\t\t\t\t\t\t\t\t\t\t<img fetchpriority=\"high\" decoding=\"async\" width=\"1498\" height=\"1000\" src=\"https:\/\/aquaflow.nl\/wp-content\/uploads\/2023\/09\/Schermafbeelding-2023-08-30-om-16.21.30.png\" class=\"attachment-full size-full wp-image-8095\" alt=\"\" srcset=\"https:\/\/aquaflow.nl\/wp-content\/uploads\/2023\/09\/Schermafbeelding-2023-08-30-om-16.21.30.png 1498w, https:\/\/aquaflow.nl\/wp-content\/uploads\/2023\/09\/Schermafbeelding-2023-08-30-om-16.21.30-300x200.png 300w, https:\/\/aquaflow.nl\/wp-content\/uploads\/2023\/09\/Schermafbeelding-2023-08-30-om-16.21.30-768x513.png 768w\" sizes=\"(max-width: 1498px) 100vw, 1498px\" \/>\t\t\t\t\t\t\t\t\t\t\t\t\t\t\t<\/div>\n\t\t\t\t<\/div>\n\t\t\t\t\t<\/div>\n\t\t\t\t<\/div>\n\t\t<div class=\"elementor-element elementor-element-6d61d8b e-flex e-con-boxed e-con e-parent\" data-id=\"6d61d8b\" data-element_type=\"container\" data-e-type=\"container\" data-settings=\"{&quot;_ha_eqh_enable&quot;:false}\">\n\t\t\t\t\t<div class=\"e-con-inner\">\n\t\t<div class=\"elementor-element elementor-element-1129415 e-con-full e-flex e-con e-child\" data-id=\"1129415\" data-element_type=\"container\" data-e-type=\"container\" data-settings=\"{&quot;_ha_eqh_enable&quot;:false}\">\n\t\t\t\t<div class=\"elementor-element elementor-element-a8e6b5a elementor-widget elementor-widget-image\" data-id=\"a8e6b5a\" data-element_type=\"widget\" data-e-type=\"widget\" data-widget_type=\"image.default\">\n\t\t\t\t<div class=\"elementor-widget-container\">\n\t\t\t\t\t\t\t\t\t\t\t\t\t\t\t<img decoding=\"async\" width=\"600\" height=\"600\" data-src=\"https:\/\/aquaflow.nl\/wp-content\/uploads\/2018\/10\/Flowsand-tussen-bestrating-tekening-600x600.jpg\" class=\"attachment-large size-large wp-image-8096 lazyload\" alt=\"\" data-srcset=\"https:\/\/aquaflow.nl\/wp-content\/uploads\/2018\/10\/Flowsand-tussen-bestrating-tekening-600x600.jpg 600w, https:\/\/aquaflow.nl\/wp-content\/uploads\/2018\/10\/Flowsand-tussen-bestrating-tekening-150x150.jpg 150w, https:\/\/aquaflow.nl\/wp-content\/uploads\/2018\/10\/Flowsand-tussen-bestrating-tekening-85x85.jpg 85w, https:\/\/aquaflow.nl\/wp-content\/uploads\/2018\/10\/Flowsand-tussen-bestrating-tekening-500x500.jpg 500w, https:\/\/aquaflow.nl\/wp-content\/uploads\/2018\/10\/Flowsand-tussen-bestrating-tekening-696x695.jpg 696w\" data-sizes=\"(max-width: 600px) 100vw, 600px\" src=\"data:image\/svg+xml;base64,PHN2ZyB3aWR0aD0iMSIgaGVpZ2h0PSIxIiB4bWxucz0iaHR0cDovL3d3dy53My5vcmcvMjAwMC9zdmciPjwvc3ZnPg==\" style=\"--smush-placeholder-width: 600px; --smush-placeholder-aspect-ratio: 600\/600;\" \/>\t\t\t\t\t\t\t\t\t\t\t\t\t\t\t<\/div>\n\t\t\t\t<\/div>\n\t\t\t\t<\/div>\n\t\t<div class=\"elementor-element elementor-element-346f311 e-con-full e-flex e-con e-child\" data-id=\"346f311\" data-element_type=\"container\" data-e-type=\"container\" data-settings=\"{&quot;_ha_eqh_enable&quot;:false}\">\n\t\t\t\t<div class=\"elementor-element elementor-element-2c8b996 elementor-widget elementor-widget-text-editor\" data-id=\"2c8b996\" data-element_type=\"widget\" data-e-type=\"widget\" data-widget_type=\"text-editor.default\">\n\t\t\t\t<div class=\"elementor-widget-container\">\n\t\t\t\t\t\t\t\t\t<p>La politique climatique est souvent ax\u00e9e sur les fortes pr\u00e9cipitations. La construction de routes retenant l&rsquo;eau, le syst\u00e8me Aquaflow, est une solution logique \u00e0 cet \u00e9gard. Mais se concentrer sur les inondations ne suffit pas. La baisse de la nappe phr\u00e9atique et la s\u00e9cheresse sont fr\u00e9quentes dans de nombreux endroits. Une cause importante en est la \u00ab&nbsp;min\u00e9ralisation&nbsp;\u00bb progressive des villes et des villages. En cons\u00e9quence, une grande partie de l&rsquo;eau de pluie s&rsquo;\u00e9coule vers les \u00e9gouts et les eaux de surface, puis est pomp\u00e9e vers la \u00ab&nbsp;mer du Nord&nbsp;\u00bb. Il en r\u00e9sulte un manque d&rsquo;eau dans le sol. Une solution efficace est Flowsand.       <\/p><p> <\/p>\t\t\t\t\t\t\t\t<\/div>\n\t\t\t\t<\/div>\n\t\t\t\t<\/div>\n\t\t\t\t\t<\/div>\n\t\t\t\t<\/div>\n\t\t<div class=\"elementor-element elementor-element-dfac048 e-flex e-con-boxed e-con e-parent\" data-id=\"dfac048\" data-element_type=\"container\" data-e-type=\"container\" data-settings=\"{&quot;_ha_eqh_enable&quot;:false}\">\n\t\t\t\t\t<div class=\"e-con-inner\">\n\t\t\t\t<div class=\"elementor-element elementor-element-e476df4 elementor-widget elementor-widget-heading\" data-id=\"e476df4\" data-element_type=\"widget\" data-e-type=\"widget\" data-widget_type=\"heading.default\">\n\t\t\t\t<div class=\"elementor-widget-container\">\n\t\t\t\t\t<h2 class=\"elementor-heading-title elementor-size-default\">La rue rafra\u00eechissante<\/h2>\t\t\t\t<\/div>\n\t\t\t\t<\/div>\n\t\t\t\t\t<\/div>\n\t\t\t\t<\/div>\n\t\t<div class=\"elementor-element elementor-element-19e19cc e-flex e-con-boxed e-con e-parent\" data-id=\"19e19cc\" data-element_type=\"container\" data-e-type=\"container\" data-settings=\"{&quot;_ha_eqh_enable&quot;:false}\">\n\t\t\t\t\t<div class=\"e-con-inner\">\n\t\t<div class=\"elementor-element elementor-element-861a3c9 e-con-full e-flex e-con e-child\" data-id=\"861a3c9\" data-element_type=\"container\" data-e-type=\"container\" data-settings=\"{&quot;_ha_eqh_enable&quot;:false}\">\n\t\t\t\t<div class=\"elementor-element elementor-element-9d37a53 elementor-widget elementor-widget-text-editor\" data-id=\"9d37a53\" data-element_type=\"widget\" data-e-type=\"widget\" data-widget_type=\"text-editor.default\">\n\t\t\t\t<div class=\"elementor-widget-container\">\n\t\t\t\t\t\t\t\t\t<p>L&rsquo;\u00e9vaporation de l&rsquo;eau de pluie co\u00fbte beaucoup d&rsquo;\u00e9nergie. Elle peut donc \u00eatre utilis\u00e9e pour le refroidissement afin d&rsquo;\u00e9liminer le stress thermique dans les villes. <\/p><p>La couche sup\u00e9rieure de la rue rafra\u00eechissante est constitu\u00e9e d&rsquo;une chauss\u00e9e qui facilite l&rsquo;\u00e9vaporation de l&rsquo;humidit\u00e9 sur une couche de Flowsand. Dans cette couche sup\u00e9rieure, environ 20 \u00e0 25&nbsp;litres\/m<sup>2<\/sup> d&rsquo;eau sont retenus. Le reste de l&rsquo;eau s&rsquo;infiltre dans le syst\u00e8me Aquaflow sous-jacent (fondation de route retenant l&rsquo;eau). L&rsquo;\u00e9vaporation r\u00e9duit la temp\u00e9rature dans la rue de 10 \u00e0 12&nbsp;\u00b0C et fait dispara\u00eetre l&rsquo;effet d&rsquo;\u00ab&nbsp;\u00eelot de chaleur&nbsp;\u00bb. Pendant la journ\u00e9e, la rue reste plus fra\u00eeche et, apr\u00e8s le coucher du soleil, la temp\u00e9rature baisse rapidement jusqu&rsquo;\u00e0 la temp\u00e9rature ambiante.    <\/p>\t\t\t\t\t\t\t\t<\/div>\n\t\t\t\t<\/div>\n\t\t\t\t<\/div>\n\t\t<div class=\"elementor-element elementor-element-8470750 e-con-full e-flex e-con e-child\" data-id=\"8470750\" data-element_type=\"container\" data-e-type=\"container\" data-settings=\"{&quot;_ha_eqh_enable&quot;:false}\">\n\t\t\t\t<div class=\"elementor-element elementor-element-8088203 elementor-widget elementor-widget-image\" data-id=\"8088203\" data-element_type=\"widget\" data-e-type=\"widget\" data-widget_type=\"image.default\">\n\t\t\t\t<div class=\"elementor-widget-container\">\n\t\t\t\t\t\t\t\t\t\t\t\t\t\t\t\t<a href=\"http:\/\/aquaflow.nl\/wp-content\/uploads\/2023\/10\/Naamloos-5.jpg\" data-elementor-open-lightbox=\"yes\" data-elementor-lightbox-title=\"Naamloos-5\" data-e-action-hash=\"#elementor-action%3Aaction%3Dlightbox%26settings%3DeyJpZCI6ODA5NywidXJsIjoiaHR0cHM6XC9cL2FxdWFmbG93Lm5sXC93cC1jb250ZW50XC91cGxvYWRzXC8yMDIzXC8xMFwvTmFhbWxvb3MtNS5qcGcifQ%3D%3D\">\n\t\t\t\t\t\t\t<img decoding=\"async\" width=\"1024\" height=\"600\" data-src=\"https:\/\/aquaflow.nl\/wp-content\/uploads\/2023\/10\/Naamloos-5.jpg\" class=\"attachment-full size-full wp-image-8097 lazyload\" alt=\"\" data-srcset=\"https:\/\/aquaflow.nl\/wp-content\/uploads\/2023\/10\/Naamloos-5.jpg 1024w, https:\/\/aquaflow.nl\/wp-content\/uploads\/2023\/10\/Naamloos-5-300x176.jpg 300w, https:\/\/aquaflow.nl\/wp-content\/uploads\/2023\/10\/Naamloos-5-768x450.jpg 768w\" data-sizes=\"(max-width: 1024px) 100vw, 1024px\" src=\"data:image\/svg+xml;base64,PHN2ZyB3aWR0aD0iMSIgaGVpZ2h0PSIxIiB4bWxucz0iaHR0cDovL3d3dy53My5vcmcvMjAwMC9zdmciPjwvc3ZnPg==\" style=\"--smush-placeholder-width: 1024px; --smush-placeholder-aspect-ratio: 1024\/600;\" \/>\t\t\t\t\t\t\t\t<\/a>\n\t\t\t\t\t\t\t\t\t\t\t\t\t\t\t<\/div>\n\t\t\t\t<\/div>\n\t\t\t\t<div class=\"elementor-element elementor-element-703028a elementor-hidden-desktop elementor-widget elementor-widget-spacer\" data-id=\"703028a\" data-element_type=\"widget\" data-e-type=\"widget\" data-widget_type=\"spacer.default\">\n\t\t\t\t<div class=\"elementor-widget-container\">\n\t\t\t\t\t\t\t<div class=\"elementor-spacer\">\n\t\t\t<div class=\"elementor-spacer-inner\"><\/div>\n\t\t<\/div>\n\t\t\t\t\t\t<\/div>\n\t\t\t\t<\/div>\n\t\t\t\t<\/div>\n\t\t\t\t\t<\/div>\n\t\t\t\t<\/div>\n\t\t\t\t<\/div>\n\t\t","protected":false},"excerpt":{"rendered":"<p>Flowsand stoppe la baisse de la nappe phr\u00e9atique Aquaflow bv a d\u00e9velopp\u00e9 flowsand\u00ae pour permettre \u00e0 50 % des pr\u00e9cipitations de s&rsquo;infiltrer dans les zones habit\u00e9es \u00e0 un co\u00fbt minimal. La politique climatique est souvent ax\u00e9e sur les fortes pr\u00e9cipitations. La construction de routes retenant l&rsquo;eau, le syst\u00e8me Aquaflow, est une solution logique \u00e0 cet [&hellip;]<\/p>\n","protected":false},"author":1,"featured_media":0,"parent":0,"menu_order":0,"comment_status":"closed","ping_status":"closed","template":"elementor_header_footer","meta":{"footnotes":""},"class_list":["post-8098","page","type-page","status-publish","hentry"],"yoast_head":"<!-- This site is optimized with the Yoast SEO Premium plugin v25.3.1 (Yoast SEO v27.3) - https:\/\/yoast.com\/product\/yoast-seo-premium-wordpress\/ -->\n<title>Flowsand stoppe la baisse de la nappe phr\u00e9atique<\/title>\n<meta name=\"description\" content=\"Pr\u00e9venez la baisse de la nappe phr\u00e9atique et la s\u00e9cheresse gr\u00e2ce \u00e0 Flowsand. D\u00e9couvrez comment ce syst\u00e8me permet \u00e0 l&#039;eau de pluie de s&#039;infiltrer et offre un rafra\u00eechissement dans les villes. Pr\u00e9cipitations.\" \/>\n<meta name=\"robots\" content=\"index, follow, max-snippet:-1, max-image-preview:large, max-video-preview:-1\" \/>\n<link rel=\"canonical\" href=\"https:\/\/aquaflow.nl\/fr\/flowsand\/\" \/>\n<meta property=\"og:locale\" content=\"fr_FR\" \/>\n<meta property=\"og:type\" content=\"article\" \/>\n<meta property=\"og:title\" content=\"Flowsand\" \/>\n<meta property=\"og:description\" content=\"Pr\u00e9venez la baisse de la nappe phr\u00e9atique et la s\u00e9cheresse gr\u00e2ce \u00e0 Flowsand. D\u00e9couvrez comment ce syst\u00e8me permet \u00e0 l&#039;eau de pluie de s&#039;infiltrer et offre un rafra\u00eechissement dans les villes. Pr\u00e9cipitations.\" \/>\n<meta property=\"og:url\" content=\"https:\/\/aquaflow.nl\/fr\/flowsand\/\" \/>\n<meta property=\"og:site_name\" content=\"Aquaflow\u00ae\" \/>\n<meta property=\"article:modified_time\" content=\"2025-11-12T09:10:25+00:00\" \/>\n<meta property=\"og:image\" content=\"https:\/\/aquaflow.nl\/wp-content\/uploads\/2023\/09\/Schermafbeelding-2023-08-30-om-16.21.30-600x600.png\" \/>\n\t<meta property=\"og:image:width\" content=\"600\" \/>\n\t<meta property=\"og:image:height\" content=\"600\" \/>\n\t<meta property=\"og:image:type\" content=\"image\/png\" \/>\n<meta name=\"twitter:card\" content=\"summary_large_image\" \/>\n<meta name=\"twitter:label1\" content=\"Dur\u00e9e de lecture estim\u00e9e\" \/>\n\t<meta name=\"twitter:data1\" content=\"1 minute\" \/>\n<script type=\"application\/ld+json\" class=\"yoast-schema-graph\">{\"@context\":\"https:\\\/\\\/schema.org\",\"@graph\":[{\"@type\":\"WebPage\",\"@id\":\"https:\\\/\\\/aquaflow.nl\\\/fr\\\/flowsand\\\/\",\"url\":\"https:\\\/\\\/aquaflow.nl\\\/fr\\\/flowsand\\\/\",\"name\":\"Flowsand stoppe la baisse de la nappe phr\u00e9atique\",\"isPartOf\":{\"@id\":\"http:\\\/\\\/aquaflow.nl\\\/#website\"},\"primaryImageOfPage\":{\"@id\":\"https:\\\/\\\/aquaflow.nl\\\/fr\\\/flowsand\\\/#primaryimage\"},\"image\":{\"@id\":\"https:\\\/\\\/aquaflow.nl\\\/fr\\\/flowsand\\\/#primaryimage\"},\"thumbnailUrl\":\"https:\\\/\\\/aquaflow.nl\\\/wp-content\\\/uploads\\\/2023\\\/09\\\/Schermafbeelding-2023-08-30-om-16.21.30.png\",\"datePublished\":\"2023-09-13T10:28:08+00:00\",\"dateModified\":\"2025-11-12T09:10:25+00:00\",\"description\":\"Pr\u00e9venez la baisse de la nappe phr\u00e9atique et la s\u00e9cheresse gr\u00e2ce \u00e0 Flowsand. D\u00e9couvrez comment ce syst\u00e8me permet \u00e0 l'eau de pluie de s'infiltrer et offre un rafra\u00eechissement dans les villes. Pr\u00e9cipitations.\",\"breadcrumb\":{\"@id\":\"https:\\\/\\\/aquaflow.nl\\\/fr\\\/flowsand\\\/#breadcrumb\"},\"inLanguage\":\"fr-FR\",\"potentialAction\":[{\"@type\":\"ReadAction\",\"target\":[\"https:\\\/\\\/aquaflow.nl\\\/fr\\\/flowsand\\\/\"]}]},{\"@type\":\"ImageObject\",\"inLanguage\":\"fr-FR\",\"@id\":\"https:\\\/\\\/aquaflow.nl\\\/fr\\\/flowsand\\\/#primaryimage\",\"url\":\"https:\\\/\\\/aquaflow.nl\\\/wp-content\\\/uploads\\\/2023\\\/09\\\/Schermafbeelding-2023-08-30-om-16.21.30.png\",\"contentUrl\":\"https:\\\/\\\/aquaflow.nl\\\/wp-content\\\/uploads\\\/2023\\\/09\\\/Schermafbeelding-2023-08-30-om-16.21.30.png\"},{\"@type\":\"BreadcrumbList\",\"@id\":\"https:\\\/\\\/aquaflow.nl\\\/fr\\\/flowsand\\\/#breadcrumb\",\"itemListElement\":[{\"@type\":\"ListItem\",\"position\":1,\"name\":\"Home\",\"item\":\"https:\\\/\\\/aquaflow.nl\\\/\"},{\"@type\":\"ListItem\",\"position\":2,\"name\":\"Flowsand\"}]},{\"@type\":\"WebSite\",\"@id\":\"http:\\\/\\\/aquaflow.nl\\\/#website\",\"url\":\"http:\\\/\\\/aquaflow.nl\\\/\",\"name\":\"Aquaflow\u00ae\",\"description\":\"Zuiver water bergen in wegen\",\"publisher\":{\"@id\":\"http:\\\/\\\/aquaflow.nl\\\/#organization\"},\"potentialAction\":[{\"@type\":\"SearchAction\",\"target\":{\"@type\":\"EntryPoint\",\"urlTemplate\":\"http:\\\/\\\/aquaflow.nl\\\/?s={search_term_string}\"},\"query-input\":{\"@type\":\"PropertyValueSpecification\",\"valueRequired\":true,\"valueName\":\"search_term_string\"}}],\"inLanguage\":\"fr-FR\"},{\"@type\":\"Organization\",\"@id\":\"http:\\\/\\\/aquaflow.nl\\\/#organization\",\"name\":\"Aquaflow\u00ae\",\"url\":\"http:\\\/\\\/aquaflow.nl\\\/\",\"logo\":{\"@type\":\"ImageObject\",\"inLanguage\":\"fr-FR\",\"@id\":\"http:\\\/\\\/aquaflow.nl\\\/#\\\/schema\\\/logo\\\/image\\\/\",\"url\":\"https:\\\/\\\/aquaflow.nl\\\/wp-content\\\/uploads\\\/2023\\\/09\\\/Naamloos-25.png\",\"contentUrl\":\"https:\\\/\\\/aquaflow.nl\\\/wp-content\\\/uploads\\\/2023\\\/09\\\/Naamloos-25.png\",\"width\":1024,\"height\":300,\"caption\":\"Aquaflow\u00ae\"},\"image\":{\"@id\":\"http:\\\/\\\/aquaflow.nl\\\/#\\\/schema\\\/logo\\\/image\\\/\"}}]}<\/script>\n<!-- \/ Yoast SEO Premium plugin. -->","yoast_head_json":{"title":"Flowsand stoppe la baisse de la nappe phr\u00e9atique","description":"Pr\u00e9venez la baisse de la nappe phr\u00e9atique et la s\u00e9cheresse gr\u00e2ce \u00e0 Flowsand. D\u00e9couvrez comment ce syst\u00e8me permet \u00e0 l'eau de pluie de s'infiltrer et offre un rafra\u00eechissement dans les villes. Pr\u00e9cipitations.","robots":{"index":"index","follow":"follow","max-snippet":"max-snippet:-1","max-image-preview":"max-image-preview:large","max-video-preview":"max-video-preview:-1"},"canonical":"https:\/\/aquaflow.nl\/fr\/flowsand\/","og_locale":"fr_FR","og_type":"article","og_title":"Flowsand","og_description":"Pr\u00e9venez la baisse de la nappe phr\u00e9atique et la s\u00e9cheresse gr\u00e2ce \u00e0 Flowsand. D\u00e9couvrez comment ce syst\u00e8me permet \u00e0 l'eau de pluie de s'infiltrer et offre un rafra\u00eechissement dans les villes. Pr\u00e9cipitations.","og_url":"https:\/\/aquaflow.nl\/fr\/flowsand\/","og_site_name":"Aquaflow\u00ae","article_modified_time":"2025-11-12T09:10:25+00:00","og_image":[{"width":600,"height":600,"url":"https:\/\/aquaflow.nl\/wp-content\/uploads\/2023\/09\/Schermafbeelding-2023-08-30-om-16.21.30-600x600.png","type":"image\/png"}],"twitter_card":"summary_large_image","twitter_misc":{"Dur\u00e9e de lecture estim\u00e9e":"1 minute"},"schema":{"@context":"https:\/\/schema.org","@graph":[{"@type":"WebPage","@id":"https:\/\/aquaflow.nl\/fr\/flowsand\/","url":"https:\/\/aquaflow.nl\/fr\/flowsand\/","name":"Flowsand stoppe la baisse de la nappe phr\u00e9atique","isPartOf":{"@id":"http:\/\/aquaflow.nl\/#website"},"primaryImageOfPage":{"@id":"https:\/\/aquaflow.nl\/fr\/flowsand\/#primaryimage"},"image":{"@id":"https:\/\/aquaflow.nl\/fr\/flowsand\/#primaryimage"},"thumbnailUrl":"https:\/\/aquaflow.nl\/wp-content\/uploads\/2023\/09\/Schermafbeelding-2023-08-30-om-16.21.30.png","datePublished":"2023-09-13T10:28:08+00:00","dateModified":"2025-11-12T09:10:25+00:00","description":"Pr\u00e9venez la baisse de la nappe phr\u00e9atique et la s\u00e9cheresse gr\u00e2ce \u00e0 Flowsand. D\u00e9couvrez comment ce syst\u00e8me permet \u00e0 l'eau de pluie de s'infiltrer et offre un rafra\u00eechissement dans les villes. Pr\u00e9cipitations.","breadcrumb":{"@id":"https:\/\/aquaflow.nl\/fr\/flowsand\/#breadcrumb"},"inLanguage":"fr-FR","potentialAction":[{"@type":"ReadAction","target":["https:\/\/aquaflow.nl\/fr\/flowsand\/"]}]},{"@type":"ImageObject","inLanguage":"fr-FR","@id":"https:\/\/aquaflow.nl\/fr\/flowsand\/#primaryimage","url":"https:\/\/aquaflow.nl\/wp-content\/uploads\/2023\/09\/Schermafbeelding-2023-08-30-om-16.21.30.png","contentUrl":"https:\/\/aquaflow.nl\/wp-content\/uploads\/2023\/09\/Schermafbeelding-2023-08-30-om-16.21.30.png"},{"@type":"BreadcrumbList","@id":"https:\/\/aquaflow.nl\/fr\/flowsand\/#breadcrumb","itemListElement":[{"@type":"ListItem","position":1,"name":"Home","item":"https:\/\/aquaflow.nl\/"},{"@type":"ListItem","position":2,"name":"Flowsand"}]},{"@type":"WebSite","@id":"http:\/\/aquaflow.nl\/#website","url":"http:\/\/aquaflow.nl\/","name":"Aquaflow\u00ae","description":"Zuiver water bergen in wegen","publisher":{"@id":"http:\/\/aquaflow.nl\/#organization"},"potentialAction":[{"@type":"SearchAction","target":{"@type":"EntryPoint","urlTemplate":"http:\/\/aquaflow.nl\/?s={search_term_string}"},"query-input":{"@type":"PropertyValueSpecification","valueRequired":true,"valueName":"search_term_string"}}],"inLanguage":"fr-FR"},{"@type":"Organization","@id":"http:\/\/aquaflow.nl\/#organization","name":"Aquaflow\u00ae","url":"http:\/\/aquaflow.nl\/","logo":{"@type":"ImageObject","inLanguage":"fr-FR","@id":"http:\/\/aquaflow.nl\/#\/schema\/logo\/image\/","url":"https:\/\/aquaflow.nl\/wp-content\/uploads\/2023\/09\/Naamloos-25.png","contentUrl":"https:\/\/aquaflow.nl\/wp-content\/uploads\/2023\/09\/Naamloos-25.png","width":1024,"height":300,"caption":"Aquaflow\u00ae"},"image":{"@id":"http:\/\/aquaflow.nl\/#\/schema\/logo\/image\/"}}]}},"_links":{"self":[{"href":"https:\/\/aquaflow.nl\/fr\/wp-json\/wp\/v2\/pages\/8098","targetHints":{"allow":["GET"]}}],"collection":[{"href":"https:\/\/aquaflow.nl\/fr\/wp-json\/wp\/v2\/pages"}],"about":[{"href":"https:\/\/aquaflow.nl\/fr\/wp-json\/wp\/v2\/types\/page"}],"author":[{"embeddable":true,"href":"https:\/\/aquaflow.nl\/fr\/wp-json\/wp\/v2\/users\/1"}],"replies":[{"embeddable":true,"href":"https:\/\/aquaflow.nl\/fr\/wp-json\/wp\/v2\/comments?post=8098"}],"version-history":[{"count":1,"href":"https:\/\/aquaflow.nl\/fr\/wp-json\/wp\/v2\/pages\/8098\/revisions"}],"predecessor-version":[{"id":8101,"href":"https:\/\/aquaflow.nl\/fr\/wp-json\/wp\/v2\/pages\/8098\/revisions\/8101"}],"wp:attachment":[{"href":"https:\/\/aquaflow.nl\/fr\/wp-json\/wp\/v2\/media?parent=8098"}],"curies":[{"name":"wp","href":"https:\/\/api.w.org\/{rel}","templated":true}]}}