{"id":8119,"date":"2023-09-13T12:51:02","date_gmt":"2023-09-13T10:51:02","guid":{"rendered":"https:\/\/aquaflow.nl\/pentahexa\/"},"modified":"2025-11-12T10:18:25","modified_gmt":"2025-11-12T09:18:25","slug":"pentahexa","status":"publish","type":"page","link":"https:\/\/aquaflow.nl\/fr\/pentahexa\/","title":{"rendered":"Pentahexa"},"content":{"rendered":"\t\t<div data-elementor-type=\"wp-page\" data-elementor-id=\"8119\" class=\"elementor elementor-8119 elementor-5195\" data-elementor-settings=\"{&quot;ha_cmc_init_switcher&quot;:&quot;no&quot;}\" data-elementor-post-type=\"page\">\n\t\t\t\t<div class=\"elementor-element elementor-element-707fa5e e-flex e-con-boxed e-con e-parent\" data-id=\"707fa5e\" data-element_type=\"container\" data-e-type=\"container\" data-settings=\"{&quot;background_background&quot;:&quot;classic&quot;,&quot;shape_divider_bottom&quot;:&quot;waves&quot;,&quot;shape_divider_bottom_negative&quot;:&quot;yes&quot;,&quot;_ha_eqh_enable&quot;:false}\">\n\t\t\t\t\t<div class=\"e-con-inner\">\n\t\t\t\t<div class=\"elementor-shape elementor-shape-bottom\" aria-hidden=\"true\" data-negative=\"true\">\n\t\t\t<svg xmlns=\"http:\/\/www.w3.org\/2000\/svg\" viewBox=\"0 0 1000 100\" preserveAspectRatio=\"none\">\n\t<path class=\"elementor-shape-fill\" d=\"M790.5,93.1c-59.3-5.3-116.8-18-192.6-50c-29.6-12.7-76.9-31-100.5-35.9c-23.6-4.9-52.6-7.8-75.5-5.3\n\tc-10.2,1.1-22.6,1.4-50.1,7.4c-27.2,6.3-58.2,16.6-79.4,24.7c-41.3,15.9-94.9,21.9-134,22.6C72,58.2,0,25.8,0,25.8V100h1000V65.3\n\tc0,0-51.5,19.4-106.2,25.7C839.5,97,814.1,95.2,790.5,93.1z\"\/>\n<\/svg>\t\t<\/div>\n\t\t<div class=\"elementor-element elementor-element-266f530 e-con-full e-flex e-con e-child\" data-id=\"266f530\" data-element_type=\"container\" data-e-type=\"container\" data-settings=\"{&quot;_ha_eqh_enable&quot;:false}\">\n\t\t\t\t<div class=\"elementor-element elementor-element-23299ee elementor-widget__width-initial elementor-widget elementor-widget-heading\" data-id=\"23299ee\" data-element_type=\"widget\" data-e-type=\"widget\" data-widget_type=\"heading.default\">\n\t\t\t\t<div class=\"elementor-widget-container\">\n\t\t\t\t\t<h1 class=\"elementor-heading-title elementor-size-default\">Pentahexa<\/h1>\t\t\t\t<\/div>\n\t\t\t\t<\/div>\n\t\t\t\t<div class=\"elementor-element elementor-element-00e5a20 elementor-widget__width-initial elementor-widget elementor-widget-text-editor\" data-id=\"00e5a20\" data-element_type=\"widget\" data-e-type=\"widget\" data-widget_type=\"text-editor.default\">\n\t\t\t\t<div class=\"elementor-widget-container\">\n\t\t\t\t\t\t\t\t\t<p>Conception de pavage sans direction.<\/p>\t\t\t\t\t\t\t\t<\/div>\n\t\t\t\t<\/div>\n\t\t\t\t<\/div>\n\t\t\t\t<div class=\"elementor-element elementor-element-9a1cc1b elementor-hidden-mobile elementor-widget elementor-widget-image\" data-id=\"9a1cc1b\" data-element_type=\"widget\" data-e-type=\"widget\" data-widget_type=\"image.default\">\n\t\t\t\t<div class=\"elementor-widget-container\">\n\t\t\t\t\t\t\t\t\t\t\t\t\t\t\t<img fetchpriority=\"high\" decoding=\"async\" width=\"4032\" height=\"3024\" src=\"https:\/\/aquaflow.nl\/wp-content\/uploads\/2020\/07\/Parksteen-in-Etikhove.jpg\" class=\"attachment-full size-full wp-image-8115\" alt=\"\" srcset=\"https:\/\/aquaflow.nl\/wp-content\/uploads\/2020\/07\/Parksteen-in-Etikhove.jpg 4032w, https:\/\/aquaflow.nl\/wp-content\/uploads\/2020\/07\/Parksteen-in-Etikhove-300x225.jpg 300w, https:\/\/aquaflow.nl\/wp-content\/uploads\/2020\/07\/Parksteen-in-Etikhove-768x576.jpg 768w\" sizes=\"(max-width: 4032px) 100vw, 4032px\" \/>\t\t\t\t\t\t\t\t\t\t\t\t\t\t\t<\/div>\n\t\t\t\t<\/div>\n\t\t\t\t\t<\/div>\n\t\t\t\t<\/div>\n\t\t<div class=\"elementor-element elementor-element-3dd0190 e-flex e-con-boxed e-con e-parent\" data-id=\"3dd0190\" data-element_type=\"container\" data-e-type=\"container\" data-settings=\"{&quot;_ha_eqh_enable&quot;:false}\">\n\t\t\t\t\t<div class=\"e-con-inner\">\n\t\t<div class=\"elementor-element elementor-element-39f09ab e-con-full e-flex e-con e-child\" data-id=\"39f09ab\" data-element_type=\"container\" data-e-type=\"container\" data-settings=\"{&quot;_ha_eqh_enable&quot;:false}\">\n\t\t\t\t<div class=\"elementor-element elementor-element-2af6b05 elementor-widget elementor-widget-image\" data-id=\"2af6b05\" data-element_type=\"widget\" data-e-type=\"widget\" data-widget_type=\"image.default\">\n\t\t\t\t<div class=\"elementor-widget-container\">\n\t\t\t\t\t\t\t\t\t\t\t\t\t\t\t<img decoding=\"async\" width=\"600\" height=\"600\" data-src=\"https:\/\/aquaflow.nl\/wp-content\/uploads\/2023\/10\/Parksteen-Heycop-Utrecht-10-2023-foto-De-Enk-600x600.jpg\" class=\"attachment-large size-large wp-image-8117 lazyload\" alt=\"\" data-srcset=\"https:\/\/aquaflow.nl\/wp-content\/uploads\/2023\/10\/Parksteen-Heycop-Utrecht-10-2023-foto-De-Enk-600x600.jpg 600w, https:\/\/aquaflow.nl\/wp-content\/uploads\/2023\/10\/Parksteen-Heycop-Utrecht-10-2023-foto-De-Enk-150x150.jpg 150w\" data-sizes=\"(max-width: 600px) 100vw, 600px\" src=\"data:image\/svg+xml;base64,PHN2ZyB3aWR0aD0iMSIgaGVpZ2h0PSIxIiB4bWxucz0iaHR0cDovL3d3dy53My5vcmcvMjAwMC9zdmciPjwvc3ZnPg==\" style=\"--smush-placeholder-width: 600px; --smush-placeholder-aspect-ratio: 600\/600;\" \/>\t\t\t\t\t\t\t\t\t\t\t\t\t\t\t<\/div>\n\t\t\t\t<\/div>\n\t\t\t\t<div class=\"elementor-element elementor-element-b0cf8c2 elementor-widget elementor-widget-text-editor\" data-id=\"b0cf8c2\" data-element_type=\"widget\" data-e-type=\"widget\" data-widget_type=\"text-editor.default\">\n\t\t\t\t<div class=\"elementor-widget-container\">\n\t\t\t\t\t\t\t\t\t<p class=\"p1\">Pour les concepteurs, la forme offre de nouvelles possibilit\u00e9s. Le pavage avec la pierre de parc cr\u00e9e un design sans direction, sans lignes droites, qui s&rsquo;\u00e9tend et s&rsquo;entrelace avec la v\u00e9g\u00e9tation. Il est souvent combin\u00e9 avec le syst\u00e8me de stockage d&rsquo;eau Aquaflow, garantissant ainsi un bon drainage de l&rsquo;eau.  <\/p>\t\t\t\t\t\t\t\t<\/div>\n\t\t\t\t<\/div>\n\t\t\t\t<\/div>\n\t\t<div class=\"elementor-element elementor-element-f1c04fc e-con-full e-flex e-con e-child\" data-id=\"f1c04fc\" data-element_type=\"container\" data-e-type=\"container\" data-settings=\"{&quot;_ha_eqh_enable&quot;:false}\">\n\t\t\t\t<div class=\"elementor-element elementor-element-7043495 elementor-widget elementor-widget-text-editor\" data-id=\"7043495\" data-element_type=\"widget\" data-e-type=\"widget\" data-widget_type=\"text-editor.default\">\n\t\t\t\t<div class=\"elementor-widget-container\">\n\t\t\t\t\t\t\t\t\t<p class=\"p1\">Cette pierre de parc perm\u00e9able pentagonale et sa version plus petite sont des dalles polyvalentes qui ont trouv\u00e9 leur place aux c\u00f4t\u00e9s des pavages carr\u00e9s et rectangulaires traditionnels. D\u00e9velopp\u00e9es pour une utilisation sur des fondations de stockage d&rsquo;eau, elles sont \u00e9galement utilis\u00e9es sur des fondations routi\u00e8res classiques. <\/p>\n<p class=\"p1\">\n<\/p>\t\t\t\t\t\t\t\t<\/div>\n\t\t\t\t<\/div>\n\t\t\t\t<div class=\"elementor-element elementor-element-3ac8d77 elementor-widget elementor-widget-image\" data-id=\"3ac8d77\" data-element_type=\"widget\" data-e-type=\"widget\" data-widget_type=\"image.default\">\n\t\t\t\t<div class=\"elementor-widget-container\">\n\t\t\t\t\t\t\t\t\t\t\t\t\t\t\t<img decoding=\"async\" width=\"600\" height=\"600\" data-src=\"https:\/\/aquaflow.nl\/wp-content\/uploads\/2018\/06\/Parksteen-toegepast-als-trap-600x600.jpg\" class=\"attachment-large size-large wp-image-8118 lazyload\" alt=\"\" data-srcset=\"https:\/\/aquaflow.nl\/wp-content\/uploads\/2018\/06\/Parksteen-toegepast-als-trap-600x600.jpg 600w, https:\/\/aquaflow.nl\/wp-content\/uploads\/2018\/06\/Parksteen-toegepast-als-trap-150x150.jpg 150w, https:\/\/aquaflow.nl\/wp-content\/uploads\/2018\/06\/Parksteen-toegepast-als-trap-85x85.jpg 85w, https:\/\/aquaflow.nl\/wp-content\/uploads\/2018\/06\/Parksteen-toegepast-als-trap-500x500.jpg 500w\" data-sizes=\"(max-width: 600px) 100vw, 600px\" src=\"data:image\/svg+xml;base64,PHN2ZyB3aWR0aD0iMSIgaGVpZ2h0PSIxIiB4bWxucz0iaHR0cDovL3d3dy53My5vcmcvMjAwMC9zdmciPjwvc3ZnPg==\" style=\"--smush-placeholder-width: 600px; --smush-placeholder-aspect-ratio: 600\/600;\" \/>\t\t\t\t\t\t\t\t\t\t\t\t\t\t\t<\/div>\n\t\t\t\t<\/div>\n\t\t\t\t<\/div>\n\t\t\t\t\t<\/div>\n\t\t\t\t<\/div>\n\t\t\t\t<\/div>\n\t\t","protected":false},"excerpt":{"rendered":"<p>Pentahexa Conception de pavage sans direction. Pour les concepteurs, la forme offre de nouvelles possibilit\u00e9s. Le pavage avec la pierre de parc cr\u00e9e un design sans direction, sans lignes droites, qui s&rsquo;\u00e9tend et s&rsquo;entrelace avec la v\u00e9g\u00e9tation. Il est souvent combin\u00e9 avec le syst\u00e8me de stockage d&rsquo;eau Aquaflow, garantissant ainsi un bon drainage de l&rsquo;eau. [&hellip;]<\/p>\n","protected":false},"author":1,"featured_media":0,"parent":0,"menu_order":0,"comment_status":"closed","ping_status":"closed","template":"elementor_header_footer","meta":{"footnotes":""},"class_list":["post-8119","page","type-page","status-publish","hentry"],"yoast_head":"<!-- This site is optimized with the Yoast SEO Premium plugin v25.3.1 (Yoast SEO v27.3) - https:\/\/yoast.com\/product\/yoast-seo-premium-wordpress\/ -->\n<title>Pavage avec la pierre de parc : un design sans direction - Aquaflow\u00ae<\/title>\n<meta name=\"description\" content=\"Am\u00e9liorez la conception du pavage avec des pierres de parc sans direction. D\u00e9couvrez comment ces pierres cr\u00e9ent un aspect naturel.\" \/>\n<meta name=\"robots\" content=\"index, follow, max-snippet:-1, max-image-preview:large, max-video-preview:-1\" \/>\n<link rel=\"canonical\" href=\"https:\/\/aquaflow.nl\/fr\/pentahexa\/\" \/>\n<meta property=\"og:locale\" content=\"fr_FR\" \/>\n<meta property=\"og:type\" content=\"article\" \/>\n<meta property=\"og:title\" content=\"Pentahexa\" \/>\n<meta property=\"og:description\" content=\"Am\u00e9liorez la conception du pavage avec des pierres de parc sans direction. D\u00e9couvrez comment ces pierres cr\u00e9ent un aspect naturel.\" \/>\n<meta property=\"og:url\" content=\"https:\/\/aquaflow.nl\/fr\/pentahexa\/\" \/>\n<meta property=\"og:site_name\" content=\"Aquaflow\u00ae\" \/>\n<meta property=\"article:modified_time\" content=\"2025-11-12T09:18:25+00:00\" \/>\n<meta property=\"og:image\" content=\"https:\/\/aquaflow.nl\/wp-content\/uploads\/2020\/07\/Parksteen-in-Etikhove-600x600.jpg\" \/>\n\t<meta property=\"og:image:width\" content=\"600\" \/>\n\t<meta property=\"og:image:height\" content=\"600\" \/>\n\t<meta property=\"og:image:type\" content=\"image\/jpeg\" \/>\n<meta name=\"twitter:card\" content=\"summary_large_image\" \/>\n<meta name=\"twitter:label1\" content=\"Dur\u00e9e de lecture estim\u00e9e\" \/>\n\t<meta name=\"twitter:data1\" content=\"1 minute\" \/>\n<script type=\"application\/ld+json\" class=\"yoast-schema-graph\">{\"@context\":\"https:\\\/\\\/schema.org\",\"@graph\":[{\"@type\":\"WebPage\",\"@id\":\"https:\\\/\\\/aquaflow.nl\\\/fr\\\/pentahexa\\\/\",\"url\":\"https:\\\/\\\/aquaflow.nl\\\/fr\\\/pentahexa\\\/\",\"name\":\"Pavage avec la pierre de parc : un design sans direction - Aquaflow\u00ae\",\"isPartOf\":{\"@id\":\"http:\\\/\\\/aquaflow.nl\\\/#website\"},\"primaryImageOfPage\":{\"@id\":\"https:\\\/\\\/aquaflow.nl\\\/fr\\\/pentahexa\\\/#primaryimage\"},\"image\":{\"@id\":\"https:\\\/\\\/aquaflow.nl\\\/fr\\\/pentahexa\\\/#primaryimage\"},\"thumbnailUrl\":\"https:\\\/\\\/aquaflow.nl\\\/wp-content\\\/uploads\\\/2020\\\/07\\\/Parksteen-in-Etikhove.jpg\",\"datePublished\":\"2023-09-13T10:51:02+00:00\",\"dateModified\":\"2025-11-12T09:18:25+00:00\",\"description\":\"Am\u00e9liorez la conception du pavage avec des pierres de parc sans direction. D\u00e9couvrez comment ces pierres cr\u00e9ent un aspect naturel.\",\"breadcrumb\":{\"@id\":\"https:\\\/\\\/aquaflow.nl\\\/fr\\\/pentahexa\\\/#breadcrumb\"},\"inLanguage\":\"fr-FR\",\"potentialAction\":[{\"@type\":\"ReadAction\",\"target\":[\"https:\\\/\\\/aquaflow.nl\\\/fr\\\/pentahexa\\\/\"]}]},{\"@type\":\"ImageObject\",\"inLanguage\":\"fr-FR\",\"@id\":\"https:\\\/\\\/aquaflow.nl\\\/fr\\\/pentahexa\\\/#primaryimage\",\"url\":\"https:\\\/\\\/aquaflow.nl\\\/wp-content\\\/uploads\\\/2020\\\/07\\\/Parksteen-in-Etikhove.jpg\",\"contentUrl\":\"https:\\\/\\\/aquaflow.nl\\\/wp-content\\\/uploads\\\/2020\\\/07\\\/Parksteen-in-Etikhove.jpg\"},{\"@type\":\"BreadcrumbList\",\"@id\":\"https:\\\/\\\/aquaflow.nl\\\/fr\\\/pentahexa\\\/#breadcrumb\",\"itemListElement\":[{\"@type\":\"ListItem\",\"position\":1,\"name\":\"Home\",\"item\":\"https:\\\/\\\/aquaflow.nl\\\/\"},{\"@type\":\"ListItem\",\"position\":2,\"name\":\"Pentahexa\"}]},{\"@type\":\"WebSite\",\"@id\":\"http:\\\/\\\/aquaflow.nl\\\/#website\",\"url\":\"http:\\\/\\\/aquaflow.nl\\\/\",\"name\":\"Aquaflow\u00ae\",\"description\":\"Zuiver water bergen in wegen\",\"publisher\":{\"@id\":\"http:\\\/\\\/aquaflow.nl\\\/#organization\"},\"potentialAction\":[{\"@type\":\"SearchAction\",\"target\":{\"@type\":\"EntryPoint\",\"urlTemplate\":\"http:\\\/\\\/aquaflow.nl\\\/?s={search_term_string}\"},\"query-input\":{\"@type\":\"PropertyValueSpecification\",\"valueRequired\":true,\"valueName\":\"search_term_string\"}}],\"inLanguage\":\"fr-FR\"},{\"@type\":\"Organization\",\"@id\":\"http:\\\/\\\/aquaflow.nl\\\/#organization\",\"name\":\"Aquaflow\u00ae\",\"url\":\"http:\\\/\\\/aquaflow.nl\\\/\",\"logo\":{\"@type\":\"ImageObject\",\"inLanguage\":\"fr-FR\",\"@id\":\"http:\\\/\\\/aquaflow.nl\\\/#\\\/schema\\\/logo\\\/image\\\/\",\"url\":\"https:\\\/\\\/aquaflow.nl\\\/wp-content\\\/uploads\\\/2023\\\/09\\\/Naamloos-25.png\",\"contentUrl\":\"https:\\\/\\\/aquaflow.nl\\\/wp-content\\\/uploads\\\/2023\\\/09\\\/Naamloos-25.png\",\"width\":1024,\"height\":300,\"caption\":\"Aquaflow\u00ae\"},\"image\":{\"@id\":\"http:\\\/\\\/aquaflow.nl\\\/#\\\/schema\\\/logo\\\/image\\\/\"}}]}<\/script>\n<!-- \/ Yoast SEO Premium plugin. -->","yoast_head_json":{"title":"Pavage avec la pierre de parc : un design sans direction - Aquaflow\u00ae","description":"Am\u00e9liorez la conception du pavage avec des pierres de parc sans direction. D\u00e9couvrez comment ces pierres cr\u00e9ent un aspect naturel.","robots":{"index":"index","follow":"follow","max-snippet":"max-snippet:-1","max-image-preview":"max-image-preview:large","max-video-preview":"max-video-preview:-1"},"canonical":"https:\/\/aquaflow.nl\/fr\/pentahexa\/","og_locale":"fr_FR","og_type":"article","og_title":"Pentahexa","og_description":"Am\u00e9liorez la conception du pavage avec des pierres de parc sans direction. D\u00e9couvrez comment ces pierres cr\u00e9ent un aspect naturel.","og_url":"https:\/\/aquaflow.nl\/fr\/pentahexa\/","og_site_name":"Aquaflow\u00ae","article_modified_time":"2025-11-12T09:18:25+00:00","og_image":[{"width":600,"height":600,"url":"https:\/\/aquaflow.nl\/wp-content\/uploads\/2020\/07\/Parksteen-in-Etikhove-600x600.jpg","type":"image\/jpeg"}],"twitter_card":"summary_large_image","twitter_misc":{"Dur\u00e9e de lecture estim\u00e9e":"1 minute"},"schema":{"@context":"https:\/\/schema.org","@graph":[{"@type":"WebPage","@id":"https:\/\/aquaflow.nl\/fr\/pentahexa\/","url":"https:\/\/aquaflow.nl\/fr\/pentahexa\/","name":"Pavage avec la pierre de parc : un design sans direction - Aquaflow\u00ae","isPartOf":{"@id":"http:\/\/aquaflow.nl\/#website"},"primaryImageOfPage":{"@id":"https:\/\/aquaflow.nl\/fr\/pentahexa\/#primaryimage"},"image":{"@id":"https:\/\/aquaflow.nl\/fr\/pentahexa\/#primaryimage"},"thumbnailUrl":"https:\/\/aquaflow.nl\/wp-content\/uploads\/2020\/07\/Parksteen-in-Etikhove.jpg","datePublished":"2023-09-13T10:51:02+00:00","dateModified":"2025-11-12T09:18:25+00:00","description":"Am\u00e9liorez la conception du pavage avec des pierres de parc sans direction. D\u00e9couvrez comment ces pierres cr\u00e9ent un aspect naturel.","breadcrumb":{"@id":"https:\/\/aquaflow.nl\/fr\/pentahexa\/#breadcrumb"},"inLanguage":"fr-FR","potentialAction":[{"@type":"ReadAction","target":["https:\/\/aquaflow.nl\/fr\/pentahexa\/"]}]},{"@type":"ImageObject","inLanguage":"fr-FR","@id":"https:\/\/aquaflow.nl\/fr\/pentahexa\/#primaryimage","url":"https:\/\/aquaflow.nl\/wp-content\/uploads\/2020\/07\/Parksteen-in-Etikhove.jpg","contentUrl":"https:\/\/aquaflow.nl\/wp-content\/uploads\/2020\/07\/Parksteen-in-Etikhove.jpg"},{"@type":"BreadcrumbList","@id":"https:\/\/aquaflow.nl\/fr\/pentahexa\/#breadcrumb","itemListElement":[{"@type":"ListItem","position":1,"name":"Home","item":"https:\/\/aquaflow.nl\/"},{"@type":"ListItem","position":2,"name":"Pentahexa"}]},{"@type":"WebSite","@id":"http:\/\/aquaflow.nl\/#website","url":"http:\/\/aquaflow.nl\/","name":"Aquaflow\u00ae","description":"Zuiver water bergen in wegen","publisher":{"@id":"http:\/\/aquaflow.nl\/#organization"},"potentialAction":[{"@type":"SearchAction","target":{"@type":"EntryPoint","urlTemplate":"http:\/\/aquaflow.nl\/?s={search_term_string}"},"query-input":{"@type":"PropertyValueSpecification","valueRequired":true,"valueName":"search_term_string"}}],"inLanguage":"fr-FR"},{"@type":"Organization","@id":"http:\/\/aquaflow.nl\/#organization","name":"Aquaflow\u00ae","url":"http:\/\/aquaflow.nl\/","logo":{"@type":"ImageObject","inLanguage":"fr-FR","@id":"http:\/\/aquaflow.nl\/#\/schema\/logo\/image\/","url":"https:\/\/aquaflow.nl\/wp-content\/uploads\/2023\/09\/Naamloos-25.png","contentUrl":"https:\/\/aquaflow.nl\/wp-content\/uploads\/2023\/09\/Naamloos-25.png","width":1024,"height":300,"caption":"Aquaflow\u00ae"},"image":{"@id":"http:\/\/aquaflow.nl\/#\/schema\/logo\/image\/"}}]}},"_links":{"self":[{"href":"https:\/\/aquaflow.nl\/fr\/wp-json\/wp\/v2\/pages\/8119","targetHints":{"allow":["GET"]}}],"collection":[{"href":"https:\/\/aquaflow.nl\/fr\/wp-json\/wp\/v2\/pages"}],"about":[{"href":"https:\/\/aquaflow.nl\/fr\/wp-json\/wp\/v2\/types\/page"}],"author":[{"embeddable":true,"href":"https:\/\/aquaflow.nl\/fr\/wp-json\/wp\/v2\/users\/1"}],"replies":[{"embeddable":true,"href":"https:\/\/aquaflow.nl\/fr\/wp-json\/wp\/v2\/comments?post=8119"}],"version-history":[{"count":1,"href":"https:\/\/aquaflow.nl\/fr\/wp-json\/wp\/v2\/pages\/8119\/revisions"}],"predecessor-version":[{"id":8120,"href":"https:\/\/aquaflow.nl\/fr\/wp-json\/wp\/v2\/pages\/8119\/revisions\/8120"}],"wp:attachment":[{"href":"https:\/\/aquaflow.nl\/fr\/wp-json\/wp\/v2\/media?parent=8119"}],"curies":[{"name":"wp","href":"https:\/\/api.w.org\/{rel}","templated":true}]}}